{"id":4342,"date":"2024-04-11T21:44:36","date_gmt":"2024-04-11T20:44:36","guid":{"rendered":"https:\/\/holisticds.com\/introduiu-vos-a-la-ia\/"},"modified":"2024-05-01T16:31:02","modified_gmt":"2024-05-01T15:31:02","slug":"landing-ia","status":"publish","type":"page","link":"https:\/\/holisticds.com\/ca\/landing-ia\/","title":{"rendered":"Introdu\u00efu-vos a la IA"},"content":{"rendered":"\t\t<div data-elementor-type=\"wp-page\" data-elementor-id=\"4342\" class=\"elementor elementor-4342 elementor-4227\" data-elementor-post-type=\"page\">\n\t\t\t\t\t\t<section data-particle_enable=\"false\" data-particle-mobile-disabled=\"false\" class=\"elementor-section elementor-top-section elementor-element elementor-element-e0c225c elementor-section-boxed elementor-section-height-default elementor-section-height-default\" data-id=\"e0c225c\" data-element_type=\"section\" data-e-type=\"section\" data-settings=\"{&quot;background_background&quot;:&quot;classic&quot;,&quot;sticky&quot;:&quot;top&quot;,&quot;sticky_on&quot;:[&quot;desktop&quot;,&quot;tablet&quot;,&quot;mobile&quot;],&quot;sticky_offset&quot;:0,&quot;sticky_effects_offset&quot;:0,&quot;sticky_anchor_link_offset&quot;:0}\">\n\t\t\t\t\t\t<div class=\"elementor-container elementor-column-gap-default\">\n\t\t\t\t\t<div class=\"elementor-column elementor-col-25 elementor-top-column elementor-element elementor-element-d1f637d\" data-id=\"d1f637d\" data-element_type=\"column\" data-e-type=\"column\">\n\t\t\t<div class=\"elementor-widget-wrap\">\n\t\t\t\t\t\t\t<\/div>\n\t\t<\/div>\n\t\t\t\t<div class=\"elementor-column elementor-col-25 elementor-top-column elementor-element elementor-element-74aa748\" data-id=\"74aa748\" data-element_type=\"column\" data-e-type=\"column\">\n\t\t\t<div class=\"elementor-widget-wrap elementor-element-populated\">\n\t\t\t\t\t\t<div class=\"elementor-element elementor-element-5bb5fff elementor-widget elementor-widget-image\" data-id=\"5bb5fff\" data-element_type=\"widget\" data-e-type=\"widget\" data-widget_type=\"image.default\">\n\t\t\t\t<div class=\"elementor-widget-container\">\n\t\t\t\t\t\t\t\t\t\t\t\t\t\t\t<img decoding=\"async\" width=\"400\" height=\"92\" src=\"https:\/\/holisticds.com\/wp-content\/uploads\/2021\/06\/Logo-holistic-blanco.png\" class=\"attachment-large size-large wp-image-2220\" alt=\"Logo holistic blanco.png\" srcset=\"https:\/\/holisticds.com\/wp-content\/uploads\/2021\/06\/Logo-holistic-blanco.png 400w, https:\/\/holisticds.com\/wp-content\/uploads\/2021\/06\/Logo-holistic-blanco-300x69.png 300w\" sizes=\"(max-width: 400px) 100vw, 400px\" \/>\t\t\t\t\t\t\t\t\t\t\t\t\t\t\t<\/div>\n\t\t\t\t<\/div>\n\t\t\t\t\t<\/div>\n\t\t<\/div>\n\t\t\t\t<div class=\"elementor-column elementor-col-25 elementor-top-column elementor-element elementor-element-497588c\" data-id=\"497588c\" data-element_type=\"column\" data-e-type=\"column\">\n\t\t\t<div class=\"elementor-widget-wrap elementor-element-populated\">\n\t\t\t\t\t\t<div class=\"elementor-element elementor-element-c8f3523 elementor-align-right elementor-mobile-align-center elementor-widget elementor-widget-button\" data-id=\"c8f3523\" data-element_type=\"widget\" data-e-type=\"widget\" data-widget_type=\"button.default\">\n\t\t\t\t<div class=\"elementor-widget-container\">\n\t\t\t\t\t\t\t\t\t<div class=\"elementor-button-wrapper\">\n\t\t\t\t\t<a class=\"elementor-button elementor-button-link elementor-size-sm\" href=\"https:\/\/holisticds.com\/ca\/sollicitud-de-demo\/?tool=ai_analytics\">\n\t\t\t\t\t\t<span class=\"elementor-button-content-wrapper\">\n\t\t\t\t\t\t\t\t\t<span class=\"elementor-button-text\">Contacta'ns<\/span>\n\t\t\t\t\t<\/span>\n\t\t\t\t\t<\/a>\n\t\t\t\t<\/div>\n\t\t\t\t\t\t\t\t<\/div>\n\t\t\t\t<\/div>\n\t\t\t\t\t<\/div>\n\t\t<\/div>\n\t\t\t\t<div class=\"elementor-column elementor-col-25 elementor-top-column elementor-element elementor-element-4bbdf7e\" data-id=\"4bbdf7e\" data-element_type=\"column\" data-e-type=\"column\">\n\t\t\t<div class=\"elementor-widget-wrap elementor-element-populated\">\n\t\t\t\t\t\t<div class=\"elementor-element elementor-element-d8a5097 elementor-widget elementor-widget-shortcode\" data-id=\"d8a5097\" data-element_type=\"widget\" data-e-type=\"widget\" data-widget_type=\"shortcode.default\">\n\t\t\t\t<div class=\"elementor-widget-container\">\n\t\t\t\t\t\t\t<div class=\"elementor-shortcode\">\n<div class=\"wpml-ls-statics-footer wpml-ls wpml-ls-legacy-list-horizontal\">\n\t<ul role=\"menu\"><li class=\"wpml-ls-slot-footer wpml-ls-item wpml-ls-item-es wpml-ls-first-item wpml-ls-item-legacy-list-horizontal\" role=\"none\">\n\t\t\t\t<a href=\"https:\/\/holisticds.com\/\" class=\"wpml-ls-link\" role=\"menuitem\"  aria-label=\"Switch to Spanish\" title=\"Switch to Spanish\" >\n                                                        <img decoding=\"async\"\n            class=\"wpml-ls-flag\"\n            src=\"https:\/\/holisticds.com\/wp-content\/plugins\/sitepress-multilingual-cms\/res\/flags\/es.png\"\n            alt=\"Spanish\"\n            width=18\n            height=12\n    \/><\/a>\n\t\t\t<\/li><li class=\"wpml-ls-slot-footer wpml-ls-item wpml-ls-item-en wpml-ls-last-item wpml-ls-item-legacy-list-horizontal\" role=\"none\">\n\t\t\t\t<a href=\"https:\/\/holisticds.com\/en\/\" class=\"wpml-ls-link\" role=\"menuitem\"  aria-label=\"Switch to English\" title=\"Switch to English\" >\n                                                        <img decoding=\"async\"\n            class=\"wpml-ls-flag\"\n            src=\"https:\/\/holisticds.com\/wp-content\/plugins\/sitepress-multilingual-cms\/res\/flags\/en.png\"\n            alt=\"English\"\n            width=18\n            height=12\n    \/><\/a>\n\t\t\t<\/li><\/ul>\n<\/div>\n<\/div>\n\t\t\t\t\t\t<\/div>\n\t\t\t\t<\/div>\n\t\t\t\t\t<\/div>\n\t\t<\/div>\n\t\t\t\t\t<\/div>\n\t\t<\/section>\n\t\t\t\t<section data-particle_enable=\"false\" data-particle-mobile-disabled=\"false\" class=\"elementor-section elementor-top-section elementor-element elementor-element-cee125b elementor-section-boxed elementor-section-height-default elementor-section-height-default\" data-id=\"cee125b\" data-element_type=\"section\" data-e-type=\"section\">\n\t\t\t\t\t\t<div class=\"elementor-container elementor-column-gap-default\">\n\t\t\t\t\t<div class=\"elementor-column elementor-col-100 elementor-top-column elementor-element elementor-element-b59f4d4\" data-id=\"b59f4d4\" data-element_type=\"column\" data-e-type=\"column\">\n\t\t\t<div class=\"elementor-widget-wrap elementor-element-populated\">\n\t\t\t\t\t\t<div class=\"elementor-element elementor-element-598327b elementor-widget elementor-widget-heading\" data-id=\"598327b\" data-element_type=\"widget\" data-e-type=\"widget\" data-settings=\"{&quot;_animation&quot;:&quot;none&quot;}\" data-widget_type=\"heading.default\">\n\t\t\t\t<div class=\"elementor-widget-container\">\n\t\t\t\t\t<h2 class=\"elementor-heading-title elementor-size-default\">Introdu\u00efu-vos a la IA<\/h2>\t\t\t\t<\/div>\n\t\t\t\t<\/div>\n\t\t\t\t<div class=\"elementor-element elementor-element-1e3cc7d elementor-widget elementor-widget-text-editor\" data-id=\"1e3cc7d\" data-element_type=\"widget\" data-e-type=\"widget\" data-widget_type=\"text-editor.default\">\n\t\t\t\t<div class=\"elementor-widget-container\">\n\t\t\t\t\t\t\t\t\t<p>No importa en quina fase es trobi la teva empresa, som aqu\u00ed per guiar-te en la integraci\u00f3 de la IA a la teva organitzaci\u00f3. Descobreix com pots aprofitar al m\u00e0xim l&#8217;extraordinari potencial que t\u00e9 la Intel\u00b7lig\u00e8ncia Artificial per oferir-te.<\/p>\n\t\t\t\t\t\t\t\t<\/div>\n\t\t\t\t<\/div>\n\t\t\t\t<section data-particle_enable=\"false\" data-particle-mobile-disabled=\"false\" class=\"elementor-section elementor-inner-section elementor-element elementor-element-c46a22d elementor-section-boxed elementor-section-height-default elementor-section-height-default\" data-id=\"c46a22d\" data-element_type=\"section\" data-e-type=\"section\">\n\t\t\t\t\t\t<div class=\"elementor-container elementor-column-gap-default\">\n\t\t\t\t\t<div class=\"elementor-column elementor-col-33 elementor-inner-column elementor-element elementor-element-68c7798\" data-id=\"68c7798\" data-element_type=\"column\" data-e-type=\"column\" data-settings=\"{&quot;background_background&quot;:&quot;classic&quot;}\">\n\t\t\t<div class=\"elementor-widget-wrap elementor-element-populated\">\n\t\t\t\t\t\t<div class=\"elementor-element elementor-element-64254b7 elementor-widget elementor-widget-heading\" data-id=\"64254b7\" data-element_type=\"widget\" data-e-type=\"widget\" data-widget_type=\"heading.default\">\n\t\t\t\t<div class=\"elementor-widget-container\">\n\t\t\t\t\t<h2 class=\"elementor-heading-title elementor-size-default\">AI Insights<\/h2>\t\t\t\t<\/div>\n\t\t\t\t<\/div>\n\t\t\t\t<div class=\"elementor-element elementor-element-ab0ad96 elementor-widget elementor-widget-heading\" data-id=\"ab0ad96\" data-element_type=\"widget\" data-e-type=\"widget\" data-widget_type=\"heading.default\">\n\t\t\t\t<div class=\"elementor-widget-container\">\n\t\t\t\t\t<h2 class=\"elementor-heading-title elementor-size-default\">Executive Workshop<\/h2>\t\t\t\t<\/div>\n\t\t\t\t<\/div>\n\t\t\t\t<div class=\"elementor-element elementor-element-f987fe8 elementor-widget elementor-widget-image\" data-id=\"f987fe8\" data-element_type=\"widget\" data-e-type=\"widget\" data-widget_type=\"image.default\">\n\t\t\t\t<div class=\"elementor-widget-container\">\n\t\t\t\t\t\t\t\t\t\t\t\t\t\t\t<img fetchpriority=\"high\" decoding=\"async\" width=\"512\" height=\"512\" src=\"https:\/\/holisticds.com\/wp-content\/uploads\/2024\/04\/taller.png\" class=\"attachment-large size-large wp-image-4230\" alt=\"Taller\" srcset=\"https:\/\/holisticds.com\/wp-content\/uploads\/2024\/04\/taller.png 512w, https:\/\/holisticds.com\/wp-content\/uploads\/2024\/04\/taller-300x300.png 300w, https:\/\/holisticds.com\/wp-content\/uploads\/2024\/04\/taller-150x150.png 150w\" sizes=\"(max-width: 512px) 100vw, 512px\" \/>\t\t\t\t\t\t\t\t\t\t\t\t\t\t\t<\/div>\n\t\t\t\t<\/div>\n\t\t\t\t<div class=\"elementor-element elementor-element-0e19824 elementor-widget elementor-widget-text-editor\" data-id=\"0e19824\" data-element_type=\"widget\" data-e-type=\"widget\" data-widget_type=\"text-editor.default\">\n\t\t\t\t<div class=\"elementor-widget-container\">\n\t\t\t\t\t\t\t\t\t<p>Un taller intensiu d&#8217;un dia per introduir directius al potencial de la IA als negocis. La sessi\u00f3 se centra a entendre la IA, mostrant aplicacions al m\u00f3n real i discutint la seva integraci\u00f3 estrat\u00e8gica en les operacions de la teva empresa.<\/p>\n\t\t\t\t\t\t\t\t<\/div>\n\t\t\t\t<\/div>\n\t\t\t\t<div class=\"elementor-element elementor-element-b1613a4 elementor-widget elementor-widget-heading\" data-id=\"b1613a4\" data-element_type=\"widget\" data-e-type=\"widget\" data-widget_type=\"heading.default\">\n\t\t\t\t<div class=\"elementor-widget-container\">\n\t\t\t\t\t<h2 class=\"elementor-heading-title elementor-size-default\">Durada: 1 dia<\/h2>\t\t\t\t<\/div>\n\t\t\t\t<\/div>\n\t\t\t\t\t<\/div>\n\t\t<\/div>\n\t\t\t\t<div class=\"elementor-column elementor-col-33 elementor-inner-column elementor-element elementor-element-4c05693\" data-id=\"4c05693\" data-element_type=\"column\" data-e-type=\"column\" data-settings=\"{&quot;background_background&quot;:&quot;classic&quot;}\">\n\t\t\t<div class=\"elementor-widget-wrap elementor-element-populated\">\n\t\t\t\t\t\t<div class=\"elementor-element elementor-element-882b72a elementor-widget elementor-widget-heading\" data-id=\"882b72a\" data-element_type=\"widget\" data-e-type=\"widget\" data-widget_type=\"heading.default\">\n\t\t\t\t<div class=\"elementor-widget-container\">\n\t\t\t\t\t<h2 class=\"elementor-heading-title elementor-size-default\">AI Discovery<\/h2>\t\t\t\t<\/div>\n\t\t\t\t<\/div>\n\t\t\t\t<div class=\"elementor-element elementor-element-493c684 elementor-widget elementor-widget-heading\" data-id=\"493c684\" data-element_type=\"widget\" data-e-type=\"widget\" data-widget_type=\"heading.default\">\n\t\t\t\t<div class=\"elementor-widget-container\">\n\t\t\t\t\t<h2 class=\"elementor-heading-title elementor-size-default\">Company Analysis<\/h2>\t\t\t\t<\/div>\n\t\t\t\t<\/div>\n\t\t\t\t<div class=\"elementor-element elementor-element-010e45e elementor-widget elementor-widget-image\" data-id=\"010e45e\" data-element_type=\"widget\" data-e-type=\"widget\" data-widget_type=\"image.default\">\n\t\t\t\t<div class=\"elementor-widget-container\">\n\t\t\t\t\t\t\t\t\t\t\t\t\t\t\t<img decoding=\"async\" width=\"512\" height=\"512\" src=\"https:\/\/holisticds.com\/wp-content\/uploads\/2024\/04\/buscar.png\" class=\"attachment-large size-large wp-image-4233\" alt=\"Buscar\" srcset=\"https:\/\/holisticds.com\/wp-content\/uploads\/2024\/04\/buscar.png 512w, https:\/\/holisticds.com\/wp-content\/uploads\/2024\/04\/buscar-300x300.png 300w, https:\/\/holisticds.com\/wp-content\/uploads\/2024\/04\/buscar-150x150.png 150w\" sizes=\"(max-width: 512px) 100vw, 512px\" \/>\t\t\t\t\t\t\t\t\t\t\t\t\t\t\t<\/div>\n\t\t\t\t<\/div>\n\t\t\t\t<div class=\"elementor-element elementor-element-d5146a2 elementor-widget elementor-widget-text-editor\" data-id=\"d5146a2\" data-element_type=\"widget\" data-e-type=\"widget\" data-widget_type=\"text-editor.default\">\n\t\t\t\t<div class=\"elementor-widget-container\">\n\t\t\t\t\t\t\t\t\t<p>An\u00e0lisi detallada d&#8217;un mes per identificar oportunitats d&#8217;IA a la teva empresa. Avaluarem les operacions, entrevistarem el teu equip i lliurarem un pla d&#8217;acci\u00f3 personalitzat amb casos d&#8217;\u00fas d&#8217;IA i estrat\u00e8gies d&#8217;implementaci\u00f3.<\/p>\n\t\t\t\t\t\t\t\t<\/div>\n\t\t\t\t<\/div>\n\t\t\t\t<div class=\"elementor-element elementor-element-4d52754 elementor-widget elementor-widget-heading\" data-id=\"4d52754\" data-element_type=\"widget\" data-e-type=\"widget\" data-widget_type=\"heading.default\">\n\t\t\t\t<div class=\"elementor-widget-container\">\n\t\t\t\t\t<h2 class=\"elementor-heading-title elementor-size-default\">Durada: 1mes<\/h2>\t\t\t\t<\/div>\n\t\t\t\t<\/div>\n\t\t\t\t\t<\/div>\n\t\t<\/div>\n\t\t\t\t<div class=\"elementor-column elementor-col-33 elementor-inner-column elementor-element elementor-element-4c9f94c\" data-id=\"4c9f94c\" data-element_type=\"column\" data-e-type=\"column\" data-settings=\"{&quot;background_background&quot;:&quot;classic&quot;}\">\n\t\t\t<div class=\"elementor-widget-wrap elementor-element-populated\">\n\t\t\t\t\t\t<div class=\"elementor-element elementor-element-791c7d9 elementor-widget elementor-widget-heading\" data-id=\"791c7d9\" data-element_type=\"widget\" data-e-type=\"widget\" data-widget_type=\"heading.default\">\n\t\t\t\t<div class=\"elementor-widget-container\">\n\t\t\t\t\t<h2 class=\"elementor-heading-title elementor-size-default\">AI Realization<\/h2>\t\t\t\t<\/div>\n\t\t\t\t<\/div>\n\t\t\t\t<div class=\"elementor-element elementor-element-a246c17 elementor-widget elementor-widget-heading\" data-id=\"a246c17\" data-element_type=\"widget\" data-e-type=\"widget\" data-widget_type=\"heading.default\">\n\t\t\t\t<div class=\"elementor-widget-container\">\n\t\t\t\t\t<h2 class=\"elementor-heading-title elementor-size-default\">Use Case Development<\/h2>\t\t\t\t<\/div>\n\t\t\t\t<\/div>\n\t\t\t\t<div class=\"elementor-element elementor-element-b3d7789 elementor-widget elementor-widget-image\" data-id=\"b3d7789\" data-element_type=\"widget\" data-e-type=\"widget\" data-widget_type=\"image.default\">\n\t\t\t\t<div class=\"elementor-widget-container\">\n\t\t\t\t\t\t\t\t\t\t\t\t\t\t\t<img loading=\"lazy\" decoding=\"async\" width=\"512\" height=\"512\" src=\"https:\/\/holisticds.com\/wp-content\/uploads\/2024\/04\/ai.png\" class=\"attachment-large size-large wp-image-4236\" alt=\"Ai\" srcset=\"https:\/\/holisticds.com\/wp-content\/uploads\/2024\/04\/ai.png 512w, https:\/\/holisticds.com\/wp-content\/uploads\/2024\/04\/ai-300x300.png 300w, https:\/\/holisticds.com\/wp-content\/uploads\/2024\/04\/ai-150x150.png 150w\" sizes=\"(max-width: 512px) 100vw, 512px\" \/>\t\t\t\t\t\t\t\t\t\t\t\t\t\t\t<\/div>\n\t\t\t\t<\/div>\n\t\t\t\t<div class=\"elementor-element elementor-element-7761468 elementor-widget elementor-widget-text-editor\" data-id=\"7761468\" data-element_type=\"widget\" data-e-type=\"widget\" data-widget_type=\"text-editor.default\">\n\t\t\t\t<div class=\"elementor-widget-container\">\n\t\t\t\t\t\t\t\t\t<p>Desenvolupem i implementem solucions de IA adaptades a les necessitats del teu negoci. Aix\u00f2 inclou la construcci\u00f3 de prototips, la integraci\u00f3 en sistemes i assegurar que aquestes aplicacions d&#8217;IA s&#8217;alinein amb els teus objectius empresarials per a resultats concrets.<\/p>\n\t\t\t\t\t\t\t\t<\/div>\n\t\t\t\t<\/div>\n\t\t\t\t<div class=\"elementor-element elementor-element-c44b8eb elementor-widget elementor-widget-heading\" data-id=\"c44b8eb\" data-element_type=\"widget\" data-e-type=\"widget\" data-widget_type=\"heading.default\">\n\t\t\t\t<div class=\"elementor-widget-container\">\n\t\t\t\t\t<h2 class=\"elementor-heading-title elementor-size-default\">Durada: 3 mesos<\/h2>\t\t\t\t<\/div>\n\t\t\t\t<\/div>\n\t\t\t\t\t<\/div>\n\t\t<\/div>\n\t\t\t\t\t<\/div>\n\t\t<\/section>\n\t\t\t\t\t<\/div>\n\t\t<\/div>\n\t\t\t\t\t<\/div>\n\t\t<\/section>\n\t\t\t\t<section data-particle_enable=\"false\" data-particle-mobile-disabled=\"false\" class=\"elementor-section elementor-top-section elementor-element elementor-element-93af4a7 elementor-section-boxed elementor-section-height-default elementor-section-height-default\" data-id=\"93af4a7\" data-element_type=\"section\" data-e-type=\"section\" data-settings=\"{&quot;background_background&quot;:&quot;classic&quot;}\">\n\t\t\t\t\t\t<div class=\"elementor-container elementor-column-gap-default\">\n\t\t\t\t\t<div class=\"elementor-column elementor-col-100 elementor-top-column elementor-element elementor-element-d940b4f\" data-id=\"d940b4f\" data-element_type=\"column\" data-e-type=\"column\">\n\t\t\t<div class=\"elementor-widget-wrap elementor-element-populated\">\n\t\t\t\t\t\t<div class=\"elementor-element elementor-element-4615201 elementor-widget elementor-widget-text-editor\" data-id=\"4615201\" data-element_type=\"widget\" data-e-type=\"widget\" data-widget_type=\"text-editor.default\">\n\t\t\t\t<div class=\"elementor-widget-container\">\n\t\t\t\t\t\t\t\t\t<p>Copyright \u00a9 2024 Holistic Data Solutions<\/p>\n\t\t\t\t\t\t\t\t<\/div>\n\t\t\t\t<\/div>\n\t\t\t\t\t<\/div>\n\t\t<\/div>\n\t\t\t\t\t<\/div>\n\t\t<\/section>\n\t\t\t\t<\/div>\n\t\t","protected":false},"excerpt":{"rendered":"<p>Contacta&#8217;ns Introdu\u00efu-vos a la IA No importa en quina fase es trobi la teva empresa, som aqu\u00ed per guiar-te en la integraci\u00f3 de la IA a la teva organitzaci\u00f3. Descobreix com pots aprofitar al m\u00e0xim l&#8217;extraordinari potencial que t\u00e9 la Intel\u00b7lig\u00e8ncia Artificial per oferir-te. AI Insights Executive Workshop Un taller intensiu d&#8217;un dia per introduir [&hellip;]<\/p>\n","protected":false},"author":1,"featured_media":0,"parent":0,"menu_order":0,"comment_status":"closed","ping_status":"closed","template":"elementor_canvas","meta":{"_acf_changed":false,"slim_seo":{"title":"Introdu\u00efu-vos a la IA - Holistic Data Solutions","description":"Contacta'ns Introdu\u00efu-vos a la IA No importa en quina fase es trobi la teva empresa, som aqu\u00ed per guiar-te en la integraci\u00f3 de la IA a la teva organitzaci\u00f3. Des"},"footnotes":""},"folder":[],"class_list":["post-4342","page","type-page","status-publish","hentry"],"acf":[],"aioseo_notices":[],"_links":{"self":[{"href":"https:\/\/holisticds.com\/ca\/wp-json\/wp\/v2\/pages\/4342","targetHints":{"allow":["GET"]}}],"collection":[{"href":"https:\/\/holisticds.com\/ca\/wp-json\/wp\/v2\/pages"}],"about":[{"href":"https:\/\/holisticds.com\/ca\/wp-json\/wp\/v2\/types\/page"}],"author":[{"embeddable":true,"href":"https:\/\/holisticds.com\/ca\/wp-json\/wp\/v2\/users\/1"}],"replies":[{"embeddable":true,"href":"https:\/\/holisticds.com\/ca\/wp-json\/wp\/v2\/comments?post=4342"}],"version-history":[{"count":4,"href":"https:\/\/holisticds.com\/ca\/wp-json\/wp\/v2\/pages\/4342\/revisions"}],"predecessor-version":[{"id":4381,"href":"https:\/\/holisticds.com\/ca\/wp-json\/wp\/v2\/pages\/4342\/revisions\/4381"}],"wp:attachment":[{"href":"https:\/\/holisticds.com\/ca\/wp-json\/wp\/v2\/media?parent=4342"}],"wp:term":[{"taxonomy":"folder","embeddable":true,"href":"https:\/\/holisticds.com\/ca\/wp-json\/wp\/v2\/folder?post=4342"}],"curies":[{"name":"wp","href":"https:\/\/api.w.org\/{rel}","templated":true}]}}