{"id":2691,"date":"2021-06-03T16:04:59","date_gmt":"2021-06-03T15:04:59","guid":{"rendered":"https:\/\/holisticds.com\/politica-de-privacitat\/"},"modified":"2025-10-16T10:58:21","modified_gmt":"2025-10-16T09:58:21","slug":"politica-de-privacitat","status":"publish","type":"page","link":"https:\/\/holisticds.com\/ca\/politica-de-privacitat\/","title":{"rendered":"Pol\u00edtica de Privacitat"},"content":{"rendered":"\t\t<div data-elementor-type=\"wp-page\" data-elementor-id=\"2691\" class=\"elementor elementor-2691 elementor-80\" data-elementor-post-type=\"page\">\n\t\t\t\t\t\t<section data-particle_enable=\"false\" data-particle-mobile-disabled=\"false\" class=\"elementor-section elementor-top-section elementor-element elementor-element-305f792 elementor-section-boxed elementor-section-height-default elementor-section-height-default\" data-id=\"305f792\" data-element_type=\"section\" data-e-type=\"section\">\n\t\t\t\t\t\t<div class=\"elementor-container elementor-column-gap-default\">\n\t\t\t\t\t<div class=\"elementor-column elementor-col-100 elementor-top-column elementor-element elementor-element-269d2c98\" data-id=\"269d2c98\" data-element_type=\"column\" data-e-type=\"column\">\n\t\t\t<div class=\"elementor-widget-wrap elementor-element-populated\">\n\t\t\t\t\t\t<div class=\"elementor-element elementor-element-718b6ad0 elementor-widget elementor-widget-heading\" data-id=\"718b6ad0\" data-element_type=\"widget\" data-e-type=\"widget\" data-widget_type=\"heading.default\">\n\t\t\t\t<div class=\"elementor-widget-container\">\n\t\t\t\t\t<h2 class=\"elementor-heading-title elementor-size-default\">Pol\u00edtica de Privacidad<\/h2>\t\t\t\t<\/div>\n\t\t\t\t<\/div>\n\t\t\t\t<div class=\"elementor-element elementor-element-7c80bdca elementor-widget elementor-widget-text-editor\" data-id=\"7c80bdca\" data-element_type=\"widget\" data-e-type=\"widget\" data-widget_type=\"text-editor.default\">\n\t\t\t\t<div class=\"elementor-widget-container\">\n\t\t\t\t\t\t\t\t\t<p><strong>DATOS DE CAR\u00c1CTER PERSONAL DE PERSONAS F\u00cdSICAS<\/strong><\/p>\n<p>La protecci\u00f3n de sus datos de car\u00e1cter personal es una de las preocupaciones de HolisticDS a los efectos de preservar y garantizar en todo momento su intimidad, y en estricto cumplimiento de lo establecido en la Ley Org\u00e1nica 15\/1999, de 13 de diciembre, de Protecci\u00f3n de Datos de Car\u00e1cter Personal (&#8220;LOPD&#8221;) y dem\u00e1s legislaci\u00f3n concordante en la materia. En consecuencia, HolisticDS le informa de que todos los datos de car\u00e1cter personal que puedan ser recibidos a trav\u00e9s de la web, as\u00ed como los que puedan ser facilitados a trav\u00e9s de correo electr\u00f3nico, correo postal, fax, tel\u00e9fono o cualquier otro medio, ser\u00e1n tratados con estricta confidencialidad de acuerdo con la pol\u00edtica de seguridad y privacidad de HolisticDS as\u00ed como seg\u00fan la LOPD, y ser\u00e1n incorporados en un fichero responsabilidad de la empresa. La finalidad de la recogida de dichos datos es la de gestionar su relaci\u00f3n con HolisticDS as\u00ed como la de informarle sobre ofertas, promociones, productos y servicios que comercializa la empresa, realizar encuestas, estad\u00edsticas, an\u00e1lisis de tendencias de mercado y hacer un seguimiento de sus preferencias en la navegaci\u00f3n a trav\u00e9s de la web site, al objeto de personalizar y mejorar nuestros servicios.<\/p>\n<p>Si en el t\u00e9rmino de un mes a contar desde que usted acepta esta pol\u00edtica de privacidad, no hemos recibido respuesta negativa de su parte, entenderemos que presta su consentimiento para el tratamiento de sus datos de car\u00e1cter personal. Asimismo, a los efectos de lo previsto en el art\u00edculo 11 de la LOPD, y atendiendo a la naturaleza de los productos y servicios que HolisticDS comercializa, usted autoriza expresamente a HolisticDS a que utilize sus datos personales para fines de informaci\u00f3n y gesti\u00f3n comercial y financiera relacionadas con los productos y servicios comercializados por HolisticDS.<\/p>\n<p>Asimismo, HolisticDS le informa que puede ejercer, en todo momento y seg\u00fan lo previsto en la LOPD, los derechos de acceso, rectificaci\u00f3n, cancelaci\u00f3n y oposici\u00f3n respecto a sus datos de car\u00e1cter personal, enviando una carta a HolisticDS, C\/Galileu, 303 2a planta. 08028. Barcelona \u2013 Espa\u00f1a o, para su mayor comodidad, enviando un correo electr\u00f3nico a la direcci\u00f3n mp@holisticds.com indicando la referencia \u201cProtecci\u00f3n de datos\u201d.<br \/>Por otra parte, la empresa entiende que todos los datos de car\u00e1cter personal que nos haya podido suministrar en su relaci\u00f3n con HolisticDS, son verdaderos, completos y precisos, por lo que queda a su cargo comunicar a la empresa cualquier modificaci\u00f3n en los mismos.<\/p>\n<p>Utilizamos cookies propias y de terceros, para realizar el an\u00e1lisis de la navegaci\u00f3n de los usuarios. Puedes cambiar la configuraci\u00f3n u obtener m\u00e1s informaci\u00f3n en nuestra <a href=\"https:\/\/holisticds.com\/ca\/politica-de-galetes\/\">Pol\u00edtica de Cookies<\/a>.<\/p>\n\t\t\t\t\t\t\t\t<\/div>\n\t\t\t\t<\/div>\n\t\t\t\t\t<\/div>\n\t\t<\/div>\n\t\t\t\t\t<\/div>\n\t\t<\/section>\n\t\t\t\t<\/div>\n\t\t","protected":false},"excerpt":{"rendered":"<p>Pol\u00edtica de Privacidad DATOS DE CAR\u00c1CTER PERSONAL DE PERSONAS F\u00cdSICAS La protecci\u00f3n de sus datos de car\u00e1cter personal es una de las preocupaciones de HolisticDS a los efectos de preservar y garantizar en todo momento su intimidad, y en estricto cumplimiento de lo establecido en la Ley Org\u00e1nica 15\/1999, de 13 de diciembre, de Protecci\u00f3n [&hellip;]<\/p>\n","protected":false},"author":1,"featured_media":0,"parent":0,"menu_order":0,"comment_status":"closed","ping_status":"closed","template":"","meta":{"_acf_changed":false,"slim_seo":{"title":"Pol\u00edtica de Privacitat - Holistic Data Solutions","description":"Pol\u00edtica de Privacidad DATOS DE CAR\u00c1CTER PERSONAL DE PERSONAS F\u00cdSICAS La protecci\u00f3n de sus datos de car\u00e1cter personal es una de las preocupaciones de HolisticDS"},"footnotes":""},"folder":[93],"class_list":["post-2691","page","type-page","status-publish","hentry"],"acf":[],"aioseo_notices":[],"_links":{"self":[{"href":"https:\/\/holisticds.com\/ca\/wp-json\/wp\/v2\/pages\/2691","targetHints":{"allow":["GET"]}}],"collection":[{"href":"https:\/\/holisticds.com\/ca\/wp-json\/wp\/v2\/pages"}],"about":[{"href":"https:\/\/holisticds.com\/ca\/wp-json\/wp\/v2\/types\/page"}],"author":[{"embeddable":true,"href":"https:\/\/holisticds.com\/ca\/wp-json\/wp\/v2\/users\/1"}],"replies":[{"embeddable":true,"href":"https:\/\/holisticds.com\/ca\/wp-json\/wp\/v2\/comments?post=2691"}],"version-history":[{"count":3,"href":"https:\/\/holisticds.com\/ca\/wp-json\/wp\/v2\/pages\/2691\/revisions"}],"predecessor-version":[{"id":8710,"href":"https:\/\/holisticds.com\/ca\/wp-json\/wp\/v2\/pages\/2691\/revisions\/8710"}],"wp:attachment":[{"href":"https:\/\/holisticds.com\/ca\/wp-json\/wp\/v2\/media?parent=2691"}],"wp:term":[{"taxonomy":"folder","embeddable":true,"href":"https:\/\/holisticds.com\/ca\/wp-json\/wp\/v2\/folder?post=2691"}],"curies":[{"name":"wp","href":"https:\/\/api.w.org\/{rel}","templated":true}]}}