{"id":2689,"date":"2021-06-03T16:04:44","date_gmt":"2021-06-03T15:04:44","guid":{"rendered":"https:\/\/holisticds.com\/avis-legal\/"},"modified":"2025-10-16T10:58:41","modified_gmt":"2025-10-16T09:58:41","slug":"avis-legal","status":"publish","type":"page","link":"https:\/\/holisticds.com\/ca\/avis-legal\/","title":{"rendered":"Av\u00eds Legal"},"content":{"rendered":"\t\t<div data-elementor-type=\"wp-page\" data-elementor-id=\"2689\" class=\"elementor elementor-2689 elementor-78\" data-elementor-post-type=\"page\">\n\t\t\t\t\t\t<section data-particle_enable=\"false\" data-particle-mobile-disabled=\"false\" class=\"elementor-section elementor-top-section elementor-element elementor-element-6244788 elementor-section-boxed elementor-section-height-default elementor-section-height-default\" data-id=\"6244788\" data-element_type=\"section\" data-e-type=\"section\">\n\t\t\t\t\t\t<div class=\"elementor-container elementor-column-gap-default\">\n\t\t\t\t\t<div class=\"elementor-column elementor-col-100 elementor-top-column elementor-element elementor-element-37214c0\" data-id=\"37214c0\" data-element_type=\"column\" data-e-type=\"column\">\n\t\t\t<div class=\"elementor-widget-wrap elementor-element-populated\">\n\t\t\t\t\t\t<div class=\"elementor-element elementor-element-3c5ba4d elementor-widget elementor-widget-heading\" data-id=\"3c5ba4d\" data-element_type=\"widget\" data-e-type=\"widget\" data-widget_type=\"heading.default\">\n\t\t\t\t<div class=\"elementor-widget-container\">\n\t\t\t\t\t<h2 class=\"elementor-heading-title elementor-size-default\">Aviso Legal<\/h2>\t\t\t\t<\/div>\n\t\t\t\t<\/div>\n\t\t\t\t<div class=\"elementor-element elementor-element-91570d3 elementor-widget elementor-widget-text-editor\" data-id=\"91570d3\" data-element_type=\"widget\" data-e-type=\"widget\" data-widget_type=\"text-editor.default\">\n\t\t\t\t<div class=\"elementor-widget-container\">\n\t\t\t\t\t\t\t\t\t<p><strong>IDENTIFICACION DE HolisticDS.<\/strong><\/p>\n<p>Holistic Data Solutions S.L., es una denominaci\u00f3n comercial empresa espa\u00f1ola con domicilio en C\/Galileu, 303 2a planta. 08028. Barcelona (E-08029), Espa\u00f1a. N\u00famero de identificacci\u00f3n fiscal B66696303.<\/p>\n<p><strong>CONDICIONES DE ACCESO<\/strong><\/p>\n<p><strong>1. EXCLUSI\u00d3N DE RESPONSABILIDAD<\/strong><\/p>\n<p>Esta p\u00e1gina web ha sido desarrollada de buena fe por HolisticDS con informaci\u00f3n procedente de fuentes internas y externas legalmente obtenidas, y la ofrece en su estado actual a los Visitantes, pudiendo contener imprecisiones o erratas.<\/p>\n<p>HolisticDS no se hace responsable de los da\u00f1os o perjuicios de cualquier \u00edndole que puedan derivarse de la informaci\u00f3n, contenido, software, materiales o productos incluidos en esta p\u00e1gina web o en los que base su funcionamiento, ni de la informaci\u00f3n contenida o servicios prestados en p\u00e1ginas web de terceros accesibles mediante enlaces de hipertexto (links) desde esta p\u00e1gina, que se regir\u00e1n por su propia pol\u00edtica de privacidad y aviso legal. En particular, HolisticDS no se hace responsable de cualesquiera da\u00f1os o perjuicios, directos o indirectos que pudieran derivarse de la interrupci\u00f3n del servicio que afecte a esta p\u00e1gina web.<\/p>\n<p>HolisticDS no asume responsabilidad alguna que pudiera derivarse de la falta (total o parcial) de veracidad, actualizaci\u00f3n y\/o precisi\u00f3n de los datos o informaciones de cualquier naturaleza, ni respecto de los contenidos, datos o informaciones que sean proporcionados a trav\u00e9s de las p\u00e1ginas web de terceros.<\/p>\n<p>Asimismo, HolisticDS no se hace responsable de los posibles errores o deficiencias de seguridad que pudieran producirse por la utilizaci\u00f3n, por parte del visitante, de un navegador de una versi\u00f3n no actualizada o insegura, as\u00ed como por la activaci\u00f3n de los dispositivos de conservaci\u00f3n de claves o c\u00f3digos de identificaci\u00f3n del usuario en el navegador o de los da\u00f1os, errores o inexactitudes que pudieran derivarse del mal funcionamiento del mismo.<\/p>\n<p>Con el fin de disminuir el riesgo de introducci\u00f3n de virus en el web site, HolisticDS utiliza programas de detecci\u00f3n de virus para controlar todos los contenidos que introduce en el mismo. No obstante, no garantiza la ausencia de virus ni de otros elementos introducidos por terceros ajenos, por lo que en ning\u00fan caso ser\u00e1 responsable de cualesquiera da\u00f1os y perjuicios de toda naturaleza que pudiera derivarse de la presencia de virus u otros elementos que puedan producir alteraciones en los sistemas o ficheros de los usuarios.<\/p>\n<p><strong>2. DERECHOS DE PROPIEDAD INDUSTRIAL E INTELECTUAL<\/strong><\/p>\n<p>Los textos, im\u00e1genes, y el resto de contenidos de esta p\u00e1gina web son propiedad de HolisticDS, o de terceros que han licenciado o autorizado a HolisticDS para su uso. Todos los logotipos, marcas y dise\u00f1os industriales que aparecen en esta p\u00e1gina web forman parte de los derechos de Propiedad Industrial e Intelectual registrados por HolisticDS, quedando prohibida cualquier modalidad de explotaci\u00f3n, es decir, la reproducci\u00f3n, distribuci\u00f3n, comunicaci\u00f3n p\u00fablica y transformaci\u00f3n sin la autorizaci\u00f3n expresa de HolisticDS Se proh\u00edbe la divulgaci\u00f3n, utilizaci\u00f3n, transmisi\u00f3n, distribuci\u00f3n, reproducci\u00f3n y transformaci\u00f3n, total o parcial, en cualquier soporte o medio, de los contenidos de esta p\u00e1gina web sin el previo y expreso consentimiento de HolisticDS salvo que se indique lo contrario o su uso sea a t\u00edtulo personal y no vulnere los derechos reconocidos a HolisticDS por la legislaci\u00f3n vigente.<\/p>\n<p><strong>3. COMPETENCIA JURISDICCIONAL<\/strong><\/p>\n<p>Las Condiciones de Acceso de la web est\u00e1n sometidas al ordenamiento jur\u00eddico espa\u00f1ol. Los visitantes y HolisticDS acuerdan expresamente que sea la legislaci\u00f3n espa\u00f1ola la que regule las relaciones derivantes del acceso.<\/p>\n<p>Para la resoluci\u00f3n de cualquier conflicto proveniente del acceso a la p\u00e1gina web, el visitante y HolisticDS acuerdan someterse expresamente a los juzgados y tribunales de la provincia de Barcelona, con renuncia a cualquier otro fuero general o especial que les pudiera corresponder.<\/p>\n\t\t\t\t\t\t\t\t<\/div>\n\t\t\t\t<\/div>\n\t\t\t\t\t<\/div>\n\t\t<\/div>\n\t\t\t\t\t<\/div>\n\t\t<\/section>\n\t\t\t\t<\/div>\n\t\t","protected":false},"excerpt":{"rendered":"<p>Aviso Legal IDENTIFICACION DE HolisticDS. Holistic Data Solutions S.L., es una denominaci\u00f3n comercial empresa espa\u00f1ola con domicilio en C\/Galileu, 303 2a planta. 08028. Barcelona (E-08029), Espa\u00f1a. N\u00famero de identificacci\u00f3n fiscal B66696303. CONDICIONES DE ACCESO 1. EXCLUSI\u00d3N DE RESPONSABILIDAD Esta p\u00e1gina web ha sido desarrollada de buena fe por HolisticDS con informaci\u00f3n procedente de fuentes internas [&hellip;]<\/p>\n","protected":false},"author":1,"featured_media":0,"parent":0,"menu_order":0,"comment_status":"closed","ping_status":"closed","template":"","meta":{"_acf_changed":false,"slim_seo":{"title":"Av\u00eds Legal - Holistic Data Solutions","description":"Aviso Legal IDENTIFICACION DE HolisticDS. Holistic Data Solutions S.L., es una denominaci\u00f3n comercial empresa espa\u00f1ola con domicilio en C\/Galileu, 303 2a planta"},"footnotes":""},"folder":[93],"class_list":["post-2689","page","type-page","status-publish","hentry"],"acf":[],"aioseo_notices":[],"_links":{"self":[{"href":"https:\/\/holisticds.com\/ca\/wp-json\/wp\/v2\/pages\/2689","targetHints":{"allow":["GET"]}}],"collection":[{"href":"https:\/\/holisticds.com\/ca\/wp-json\/wp\/v2\/pages"}],"about":[{"href":"https:\/\/holisticds.com\/ca\/wp-json\/wp\/v2\/types\/page"}],"author":[{"embeddable":true,"href":"https:\/\/holisticds.com\/ca\/wp-json\/wp\/v2\/users\/1"}],"replies":[{"embeddable":true,"href":"https:\/\/holisticds.com\/ca\/wp-json\/wp\/v2\/comments?post=2689"}],"version-history":[{"count":2,"href":"https:\/\/holisticds.com\/ca\/wp-json\/wp\/v2\/pages\/2689\/revisions"}],"predecessor-version":[{"id":8711,"href":"https:\/\/holisticds.com\/ca\/wp-json\/wp\/v2\/pages\/2689\/revisions\/8711"}],"wp:attachment":[{"href":"https:\/\/holisticds.com\/ca\/wp-json\/wp\/v2\/media?parent=2689"}],"wp:term":[{"taxonomy":"folder","embeddable":true,"href":"https:\/\/holisticds.com\/ca\/wp-json\/wp\/v2\/folder?post=2689"}],"curies":[{"name":"wp","href":"https:\/\/api.w.org\/{rel}","templated":true}]}}