{"id":2687,"date":"2021-06-03T16:05:14","date_gmt":"2021-06-03T15:05:14","guid":{"rendered":"https:\/\/holisticds.com\/politica-de-galetes\/"},"modified":"2022-06-30T18:37:43","modified_gmt":"2022-06-30T17:37:43","slug":"politica-de-galetes","status":"publish","type":"page","link":"https:\/\/holisticds.com\/ca\/politica-de-galetes\/","title":{"rendered":"Pol\u00edtica de Galetes"},"content":{"rendered":"\t\t<div data-elementor-type=\"wp-page\" data-elementor-id=\"2687\" class=\"elementor elementor-2687 elementor-82\" data-elementor-post-type=\"page\">\n\t\t\t\t\t\t<section data-particle_enable=\"false\" data-particle-mobile-disabled=\"false\" class=\"elementor-section elementor-top-section elementor-element elementor-element-34bac643 elementor-section-boxed elementor-section-height-default elementor-section-height-default\" data-id=\"34bac643\" data-element_type=\"section\" data-e-type=\"section\">\n\t\t\t\t\t\t<div class=\"elementor-container elementor-column-gap-default\">\n\t\t\t\t\t<div class=\"elementor-column elementor-col-100 elementor-top-column elementor-element elementor-element-2e9286\" data-id=\"2e9286\" data-element_type=\"column\" data-e-type=\"column\">\n\t\t\t<div class=\"elementor-widget-wrap elementor-element-populated\">\n\t\t\t\t\t\t<div class=\"elementor-element elementor-element-3023d15a elementor-widget elementor-widget-heading\" data-id=\"3023d15a\" data-element_type=\"widget\" data-e-type=\"widget\" data-widget_type=\"heading.default\">\n\t\t\t\t<div class=\"elementor-widget-container\">\n\t\t\t\t\t<h2 class=\"elementor-heading-title elementor-size-default\">Pol\u00edtica de Cookies<\/h2>\t\t\t\t<\/div>\n\t\t\t\t<\/div>\n\t\t\t\t<div class=\"elementor-element elementor-element-15c03523 elementor-widget elementor-widget-text-editor\" data-id=\"15c03523\" data-element_type=\"widget\" data-e-type=\"widget\" data-widget_type=\"text-editor.default\">\n\t\t\t\t<div class=\"elementor-widget-container\">\n\t\t\t\t\t\t\t\t\t<p>Seg\u00fan lo dispuesto en el art\u00edculo 22.2 de la Ley 34\/2002, de 11 de julio, de Servicios de la Sociedad de la Informaci\u00f3n y de Comercio Electr\u00f3nico (LSSI-CE), informamos de las cookies utilizadas en nuestra website www.HolisticDS.com:<\/p>\t\t\t\t\t\t\t\t<\/div>\n\t\t\t\t<\/div>\n\t\t\t\t<div class=\"elementor-element elementor-element-ab8993c elementor-widget elementor-widget-image\" data-id=\"ab8993c\" data-element_type=\"widget\" data-e-type=\"widget\" data-widget_type=\"image.default\">\n\t\t\t\t<div class=\"elementor-widget-container\">\n\t\t\t\t\t\t\t\t\t\t\t\t\t\t\t<img fetchpriority=\"high\" decoding=\"async\" width=\"553\" height=\"255\" src=\"https:\/\/holisticds.com\/wp-content\/uploads\/2021\/06\/Cookies-Holistic.png\" class=\"attachment-large size-large wp-image-2246\" alt=\"Cookies Holistic\" srcset=\"https:\/\/holisticds.com\/wp-content\/uploads\/2021\/06\/Cookies-Holistic.png 553w, https:\/\/holisticds.com\/wp-content\/uploads\/2021\/06\/Cookies-Holistic-300x138.png 300w\" sizes=\"(max-width: 553px) 100vw, 553px\" \/>\t\t\t\t\t\t\t\t\t\t\t\t\t\t\t<\/div>\n\t\t\t\t<\/div>\n\t\t\t\t<div class=\"elementor-element elementor-element-49f7ffd elementor-widget elementor-widget-text-editor\" data-id=\"49f7ffd\" data-element_type=\"widget\" data-e-type=\"widget\" data-widget_type=\"text-editor.default\">\n\t\t\t\t<div class=\"elementor-widget-container\">\n\t\t\t\t\t\t\t\t\t<p><strong>\u00bfQu\u00e9 es una cookie?<\/strong><\/p><p>Una cookie (o galleta inform\u00e1tica) es una peque\u00f1a informaci\u00f3n enviada por un sitio web y almacenada en el navegador del usuario, de manera que el sitio web puede consultar la actividad previa del usuario.<\/p><p>Sus principales funciones son:<\/p><ul><li>Llevar el control de usuarios: cuando un usuario introduce su nombre de usuario y contrase\u00f1a, se almacena una cookie para que no tenga que estar introduci\u00e9ndolas para cada p\u00e1gina del servidor. Sin embargo, una cookie no identifica solo a una persona, sino a una combinaci\u00f3n de computador-navegador-usuario.<\/li><li>Conseguir informaci\u00f3n sobre los h\u00e1bitos de navegaci\u00f3n del usuario, e intentos de spyware (programas esp\u00eda), por parte de agencias de publicidad y otros. Esto puede causar problemas de privacidad y es una de las razones por la que las cookies tienen sus detractores.<\/li><\/ul><p>Las cookies pueden ser borradas, aceptadas o bloqueadas seg\u00fan desee, para esto s\u00f3lo debe configurar convenientemente el navegador web.<\/p>\t\t\t\t\t\t\t\t<\/div>\n\t\t\t\t<\/div>\n\t\t\t\t<div class=\"elementor-element elementor-element-8780326 elementor-widget elementor-widget-text-editor\" data-id=\"8780326\" data-element_type=\"widget\" data-e-type=\"widget\" data-widget_type=\"text-editor.default\">\n\t\t\t\t<div class=\"elementor-widget-container\">\n\t\t\t\t\t\t\t\t\t<p><strong>Tipos de cookies seg\u00fan el plazo de tiempo que permanecen activadas:<\/strong><\/p><p>Seg\u00fan el plazo de tiempo que permanecen activadas en el equipo terminal podemos distinguir:<\/p><ul><li><strong>Cookies de sesi\u00f3n:<\/strong> Son un tipo de cookies dise\u00f1adas para recabar y almacenar datos mientras el usuario accede a una p\u00e1gina web. Se suelen emplear para almacenar informaci\u00f3n que solo interesa conservar para la prestaci\u00f3n del servicio solicitado por el usuario en una sola ocasi\u00f3n (p.e. una lista de productos adquiridos).<\/li><li><strong>Cookies persistentes:<\/strong> Son un tipo de cookies en el que los datos siguen almacenados en el terminal y pueden ser accedidos y tratados durante un periodo definido por el responsable de la cookie, y que puede ir de unos minutos a varios a\u00f1os.<\/li><\/ul>\t\t\t\t\t\t\t\t<\/div>\n\t\t\t\t<\/div>\n\t\t\t\t<div class=\"elementor-element elementor-element-e5ccc63 elementor-widget elementor-widget-text-editor\" data-id=\"e5ccc63\" data-element_type=\"widget\" data-e-type=\"widget\" data-widget_type=\"text-editor.default\">\n\t\t\t\t<div class=\"elementor-widget-container\">\n\t\t\t\t\t\t\t\t\t<p><strong>Tipos de cookies seg\u00fan su finalidad<\/strong><\/p><p>Seg\u00fan la finalidad para la que se traten los datos obtenidos a trav\u00e9s de las cookies, podemos distinguir entre:<\/p><ul><li><strong>Cookies t\u00e9cnicas:<\/strong> Son aquellas que permiten al usuario la navegaci\u00f3n a trav\u00e9s de una p\u00e1gina web, plataforma o aplicaci\u00f3n y la utilizaci\u00f3n de las diferentes opciones o servicios que en ella existan como, por ejemplo, controlar el tr\u00e1fico y lacomunicaci\u00f3n de datos, identificar la sesi\u00f3n, acceder a partes de acceso restringido, recordar los elementos que integran un pedido, realizar el proceso de compra de un pedido, realizar la solicitud de inscripci\u00f3n o participaci\u00f3n en un evento, utilizar elementos de seguridad durante la navegaci\u00f3n, almacenar contenidos para la difusi\u00f3n de videos o sonido o compartir contenidos a trav\u00e9s de redes sociales.<\/li><li><strong>Cookies de personalizaci\u00f3n:<\/strong> Son aquellas que permiten al usuario acceder al servicio con algunas caracter\u00edsticas de car\u00e1cter general predefinidas en funci\u00f3n de una serie de criterios en el terminal del usuario como por ejemplo serian el idioma, el tipo de navegador a trav\u00e9s del cual accede al servicio, la configuraci\u00f3n regional desde donde accede al servicio, etc.<\/li><li><strong>Cookies de an\u00e1lisis:<\/strong> Son aquellas que permiten al responsable de las mismas, el seguimiento y an\u00e1lisis del comportamiento de los usuarios de los sitios web a los que est\u00e1n vinculadas. La informaci\u00f3n recogida mediante este tipo de cookies se utiliza en la medici\u00f3n de la actividad de los sitios web, aplicaci\u00f3n o plataforma y para la elaboraci\u00f3n de perfiles de navegaci\u00f3n de los usuarios de dichos sitios, aplicaciones y plataformas, con el fin de introducir mejoras en funci\u00f3n del an\u00e1lisis de los datos de uso que hacen los usuarios del servicio.<\/li><li><strong>Cookies publicitarias:<\/strong> Son aquellas que permiten la gesti\u00f3n, de la forma m\u00e1s eficaz posible, de los espacios publicitarios que, en su caso, el editor haya incluido en una p\u00e1gina web, aplicaci\u00f3n o plataforma desde la que presta el servicio solicitado en base a criterios como el contenido editado o la frecuencia en la que se muestran los anuncios.<\/li><li><strong>Cookies de publicidad comportamental:<\/strong> Son aquellas que permiten la gesti\u00f3n, de la forma m\u00e1s eficaz posible, de los espacios publicita rios que, en su caso, el editor haya incluido en una p\u00e1gina web, aplicaci\u00f3n o plataforma desde la que presta el servicio solicitado. Estas cookies almacenan informaci\u00f3n del comportamiento de los usuarios obtenida a trav\u00e9s de la observaci\u00f3n continuada de sus h\u00e1bitos de navegaci\u00f3n, lo que permite desarrollar un perfil espec\u00edfico para mostrar publicidad en funci\u00f3n del mismo.<\/li><\/ul>\t\t\t\t\t\t\t\t<\/div>\n\t\t\t\t<\/div>\n\t\t\t\t<div class=\"elementor-element elementor-element-3695cd5 elementor-widget elementor-widget-text-editor\" data-id=\"3695cd5\" data-element_type=\"widget\" data-e-type=\"widget\" data-widget_type=\"text-editor.default\">\n\t\t\t\t<div class=\"elementor-widget-container\">\n\t\t\t\t\t\t\t\t\t<p><strong>Cookies de terceros y su aplicaci\u00f3n en www.HolisticDS.com<\/strong><\/p><p>Existe una serie de proveedores que establecen las cookies con el fin de proporcionar determinados servicios. La siguiente tabla muestra las cookies que se establecen en la p\u00e1gina web www.HolisticDS.com por parte de terceros, los fines para los que se utilizan y los enlaces a p\u00e1ginas web donde se puede encontrar m\u00e1s informaci\u00f3n sobre las cookies:<\/p><ul><li><strong>Cookies de an\u00e1lisis:<\/strong> Las cookies de Google Analytics se utilizan con el fin de analizar y medir c\u00f3mo los visitantes usan este sitio web. La informaci\u00f3n sirve para elaborar informes que permiten mejorar este sitio. Estas cookies recopilan informaci\u00f3n en forma an\u00f3nima, incluyendo el n\u00famero de visitantes al sitio, c\u00f3mo han llegado al mismo y las p\u00e1ginas que visit\u00f3 mientras navegaba en nuestro sitio web. <a href=\"https:\/\/developers.google.com\/analytics\/devguides\/collection\/analyticsjs\/cookie-usage\">M\u00e1s info.<\/a><\/li><\/ul>\t\t\t\t\t\t\t\t<\/div>\n\t\t\t\t<\/div>\n\t\t\t\t<div class=\"elementor-element elementor-element-bb92a44 elementor-widget elementor-widget-text-editor\" data-id=\"bb92a44\" data-element_type=\"widget\" data-e-type=\"widget\" data-widget_type=\"text-editor.default\">\n\t\t\t\t<div class=\"elementor-widget-container\">\n\t\t\t\t\t\t\t\t\t<p><strong>\u00bfC\u00f3mo se pueden administrar cookies en el navegador?<\/strong><\/p><p>Asimismo, HolisticDS.com informa al usuario de que tiene la posibilidad de configurar su navegador de modo que se le informe de la recepcio\u0301n de cookies, pudiendo, si asi\u0301 lo desea, impedir que sean instaladas en su disco duro.<\/p><p>A continuacio\u0301n le proporcionamos los enlaces de diversos navegadores, a trave\u0301s de los cuales podra\u0301 realizar dicha configuracio\u0301n:<\/p><ul><li>Firefox desde <a href=\"http:\/\/support.mozilla.org\/es\/kb\/habilitar-y-deshabilitar-cookies-que-los-sitios-we\">aqui\u0301.<\/a><\/li><li>Chrome desde <a href=\"http:\/\/support.google.com\/chrome\/bin\/answer.py?hl=es&amp;answer=95647\">aqui\u0301<\/a>.<\/li><li>Explorer desde <a href=\"http:\/\/windows.microsoft.com\/es-es\/internet-explorer\/delete-manage-cookies#ie=ie-10\">aqui\u0301.<\/a><\/li><li>Safari desde <a href=\"http:\/\/support.apple.com\/kb\/ph5042\">aqui\u0301.<\/a><\/li><li>Opera desde <a href=\"http:\/\/help.opera.com\/Windows\/11.50\/es-ES\/cookies.html\">aqui\u0301.<\/a><\/li><\/ul>\t\t\t\t\t\t\t\t<\/div>\n\t\t\t\t<\/div>\n\t\t\t\t\t<\/div>\n\t\t<\/div>\n\t\t\t\t\t<\/div>\n\t\t<\/section>\n\t\t\t\t<\/div>\n\t\t","protected":false},"excerpt":{"rendered":"<p>Pol\u00edtica de Cookies Seg\u00fan lo dispuesto en el art\u00edculo 22.2 de la Ley 34\/2002, de 11 de julio, de Servicios de la Sociedad de la Informaci\u00f3n y de Comercio Electr\u00f3nico (LSSI-CE), informamos de las cookies utilizadas en nuestra website www.HolisticDS.com: \u00bfQu\u00e9 es una cookie? Una cookie (o galleta inform\u00e1tica) es una peque\u00f1a informaci\u00f3n enviada por [&hellip;]<\/p>\n","protected":false},"author":1,"featured_media":0,"parent":0,"menu_order":0,"comment_status":"closed","ping_status":"closed","template":"","meta":{"_acf_changed":false,"slim_seo":{"title":"Pol\u00edtica de Galetes - Holistic Data Solutions","description":"Pol\u00edtica de Cookies Seg\u00fan lo dispuesto en el art\u00edculo 22.2 de la Ley 34\/2002, de 11 de julio, de Servicios de la Sociedad de la Informaci\u00f3n y de Comercio Electr"},"footnotes":""},"folder":[],"class_list":["post-2687","page","type-page","status-publish","hentry"],"acf":[],"aioseo_notices":[],"_links":{"self":[{"href":"https:\/\/holisticds.com\/ca\/wp-json\/wp\/v2\/pages\/2687","targetHints":{"allow":["GET"]}}],"collection":[{"href":"https:\/\/holisticds.com\/ca\/wp-json\/wp\/v2\/pages"}],"about":[{"href":"https:\/\/holisticds.com\/ca\/wp-json\/wp\/v2\/types\/page"}],"author":[{"embeddable":true,"href":"https:\/\/holisticds.com\/ca\/wp-json\/wp\/v2\/users\/1"}],"replies":[{"embeddable":true,"href":"https:\/\/holisticds.com\/ca\/wp-json\/wp\/v2\/comments?post=2687"}],"version-history":[{"count":1,"href":"https:\/\/holisticds.com\/ca\/wp-json\/wp\/v2\/pages\/2687\/revisions"}],"predecessor-version":[{"id":2688,"href":"https:\/\/holisticds.com\/ca\/wp-json\/wp\/v2\/pages\/2687\/revisions\/2688"}],"wp:attachment":[{"href":"https:\/\/holisticds.com\/ca\/wp-json\/wp\/v2\/media?parent=2687"}],"wp:term":[{"taxonomy":"folder","embeddable":true,"href":"https:\/\/holisticds.com\/ca\/wp-json\/wp\/v2\/folder?post=2687"}],"curies":[{"name":"wp","href":"https:\/\/api.w.org\/{rel}","templated":true}]}}